{"id":20766,"date":"2024-05-24T16:05:24","date_gmt":"2024-05-24T16:05:24","guid":{"rendered":"https:\/\/infallible-brahmagupta.51-75-16-90.plesk.page\/?page_id=20766"},"modified":"2025-07-16T09:27:58","modified_gmt":"2025-07-16T09:27:58","slug":"politica-de-cookies","status":"publish","type":"page","link":"https:\/\/sibarisclub.com\/en\/politica-de-cookies\/","title":{"rendered":"Cookie Policy"},"content":{"rendered":"<div data-elementor-type=\"wp-page\" data-elementor-id=\"20766\" class=\"elementor elementor-20766\" data-elementor-post-type=\"page\">\n\t\t\t\t\t\t<section class=\"elementor-section elementor-top-section elementor-element elementor-element-5129e368 elementor-section-boxed elementor-section-height-default elementor-section-height-default sc_fly_static\" data-id=\"5129e368\" data-element_type=\"section\">\n\t\t\t\t\t\t<div class=\"elementor-container elementor-column-gap-extended\">\n\t\t\t\t\t<div class=\"elementor-column elementor-col-100 elementor-top-column elementor-element elementor-element-1a6f724b sc_inner_width_none sc_content_align_inherit sc_layouts_column_icons_position_left sc_fly_static\" data-id=\"1a6f724b\" data-element_type=\"column\">\n\t\t\t<div class=\"elementor-widget-wrap elementor-element-populated\">\n\t\t\t\t\t\t<div class=\"elementor-element elementor-element-7ef321e0 sc_fly_static elementor-widget elementor-widget-text-editor\" data-id=\"7ef321e0\" data-element_type=\"widget\" data-widget_type=\"text-editor.default\">\n\t\t\t\t<div class=\"elementor-widget-container\">\n\t\t\t\t\t\t\t<!-- wp:paragraph -->\n<p>En <strong>Sibaris Club<\/strong> valoramos tu privacidad y nos comprometemos a proteger tus datos personales. Esta pol\u00edtica de cookies explica qu\u00e9 son las cookies, c\u00f3mo las utilizamos, los tipos de cookies que utilizamos, la informaci\u00f3n que recopilamos utilizando cookies y c\u00f3mo puedes controlar tus preferencias de cookies. Para obtener m\u00e1s informaci\u00f3n sobre c\u00f3mo utilizamos, almacenamos y protegemos tus datos personales, consulta nuestra <a href=\"https:\/\/sibarisclub.com\/en\/politica-de-privacidad\/\">Pol\u00edtica de Privacidad<\/a>.<\/p>\n<!-- \/wp:paragraph --><!-- wp:heading {\"level\":4} -->\n<h4 class=\"wp-block-heading\">\u00bfQu\u00e9 son las cookies?<\/h4>\n<!-- \/wp:heading --><!-- wp:paragraph -->\n<p>Las cookies son peque\u00f1os archivos de texto que se almacenan en tu dispositivo (ordenador, tableta, smartphone) cuando visitas un sitio web. Estos archivos permiten que el sitio web reconozca tu dispositivo y recuerde tus preferencias o acciones realizadas en el sitio (como el idioma preferido o el contenido de tu carrito de compras) durante un per\u00edodo de tiempo.<\/p>\n<!-- \/wp:paragraph --><!-- wp:heading {\"level\":4} -->\n<h4 class=\"wp-block-heading\">\u00bfC\u00f3mo utilizamos las cookies?<\/h4>\n<!-- \/wp:heading --><!-- wp:paragraph -->\n<p>En <strong>Sibaris Club<\/strong>, utilizamos cookies para varios prop\u00f3sitos, entre ellos:<\/p>\n<!-- \/wp:paragraph --><!-- wp:list -->\n<ul><!-- wp:list-item -->\n<li><strong>Mejorar la experiencia del usuario<\/strong>: Para recordar tus preferencias y configuraciones.<\/li>\n<!-- \/wp:list-item --><!-- wp:list-item -->\n<li><strong>Anal\u00edtica<\/strong>: Para comprender c\u00f3mo los visitantes interact\u00faan con nuestro sitio y mejorar su funcionamiento.<\/li>\n<!-- \/wp:list-item --><!-- wp:list-item -->\n<li><strong>Publicidad<\/strong>: Para mostrar anuncios relevantes y limitar la cantidad de veces que ves un anuncio.<\/li>\n<!-- \/wp:list-item --><\/ul>\n<!-- \/wp:list --><!-- wp:heading {\"level\":4} -->\n<h4 class=\"wp-block-heading\">Tipos de cookies que utilizamos<\/h4>\n<!-- \/wp:heading --><!-- wp:paragraph -->\n<p>Nuestro sitio web utiliza los siguientes tipos de cookies:<\/p>\n<!-- \/wp:paragraph --><!-- wp:list {\"ordered\":true} -->\n<ol><!-- wp:list-item -->\n<li><strong>Cookies esenciales<\/strong>: Son necesarias para el funcionamiento del sitio web y no se pueden desactivar en nuestros sistemas. Incluyen, por ejemplo, cookies que te permiten iniciar sesi\u00f3n en \u00e1reas seguras de nuestro sitio web.<\/li>\n<!-- \/wp:list-item --><!-- wp:list-item -->\n<li><strong>Cookies de rendimiento<\/strong>: Nos permiten contar las visitas y las fuentes de tr\u00e1fico para poder medir y mejorar el rendimiento de nuestro sitio. Nos ayudan a saber qu\u00e9 p\u00e1ginas son las m\u00e1s y las menos populares y a ver c\u00f3mo se mueven los visitantes por el sitio.<\/li>\n<!-- \/wp:list-item --><!-- wp:list-item -->\n<li><strong>Cookies funcionales<\/strong>: Permiten que el sitio web ofrezca una mejor funcionalidad y personalizaci\u00f3n. Pueden ser establecidas por nosotros o por proveedores externos cuyos servicios hemos a\u00f1adido a nuestras p\u00e1ginas.<\/li>\n<!-- \/wp:list-item --><!-- wp:list-item -->\n<li><strong>Cookies de publicidad<\/strong>: Pueden ser establecidas a trav\u00e9s de nuestro sitio por nuestros socios publicitarios. Estas cookies no almacenan directamente informaci\u00f3n personal, sino que se basan en la identificaci\u00f3n \u00fanica de tu navegador y dispositivo de Internet.<\/li>\n<!-- \/wp:list-item --><\/ol>\n<!-- \/wp:list --><!-- wp:heading {\"level\":4} -->\n<h4 class=\"wp-block-heading\">Cookies de terceros<\/h4>\n<!-- \/wp:heading --><!-- wp:paragraph -->\n<p>En algunos casos, tambi\u00e9n utilizamos cookies de terceros. Estos son nuestros proveedores de servicios, quienes pueden utilizar cookies para recoger informaci\u00f3n an\u00f3nima sobre tu uso de nuestro sitio web y otros sitios web para ofrecerte anuncios relevantes sobre bienes y servicios que puedan interesarte. Estos proveedores pueden compartir la informaci\u00f3n recopilada con otros terceros.<\/p>\n<!-- \/wp:paragraph --><!-- wp:heading {\"level\":4} -->\n<h4 class=\"wp-block-heading\">Gesti\u00f3n de tus preferencias de cookies<\/h4>\n<!-- \/wp:heading --><!-- wp:paragraph -->\n<p>Puedes gestionar tus preferencias de cookies en cualquier momento a trav\u00e9s de nuestro Centro de Preferencias de Cookies. Tambi\u00e9n puedes configurar tu navegador para que rechace las cookies o te avise cuando un sitio web intente poner una cookie en tu dispositivo. Sin embargo, si decides desactivar las cookies, es posible que algunas partes de nuestro sitio web no funcionen correctamente.<\/p>\n<!-- \/wp:paragraph --><!-- wp:heading {\"level\":4} -->\n<h4 class=\"wp-block-heading\">C\u00f3mo cambiar la configuraci\u00f3n de las cookies<\/h4>\n<!-- \/wp:heading --><!-- wp:paragraph -->\n<p>La mayor\u00eda de los navegadores web permiten controlar las cookies a trav\u00e9s de sus configuraciones. A continuaci\u00f3n se proporcionan enlaces a p\u00e1ginas de ayuda de los navegadores m\u00e1s utilizados, donde puedes encontrar m\u00e1s informaci\u00f3n sobre c\u00f3mo gestionar las cookies:<\/p>\n<!-- \/wp:paragraph --><!-- wp:list -->\n<ul><!-- wp:list-item -->\n<li><a href=\"https:\/\/support.google.com\/chrome\/answer\/95647?hl=es-es\" target=\"_blank\" rel=\"noopener\">Google Chrome<\/a><\/li>\n<!-- \/wp:list-item --><!-- wp:list-item -->\n<li><a href=\"https:\/\/support.mozilla.org\/es\/kb\/cookies-informacion-que-los-sitios-web-guardan-en-\">Mozilla Firefox<\/a><\/li>\n<!-- \/wp:list-item --><!-- wp:list-item -->\n<li><a href=\"https:\/\/support.apple.com\/es-es\/guide\/safari\/sfri11471\/mac\">Safari<\/a><\/li>\n<!-- \/wp:list-item --><!-- wp:list-item -->\n<li><a href=\"https:\/\/support.microsoft.com\/es-es\/help\/17442\/windows-internet-explorer-delete-manage-cookies\">Internet Explorer<\/a><\/li>\n<!-- \/wp:list-item --><!-- wp:list-item -->\n<li><a href=\"https:\/\/support.microsoft.com\/es-es\/help\/4027947\/microsoft-edge-delete-cookies\">Microsoft Edge<\/a><\/li>\n<!-- \/wp:list-item --><\/ul>\n<!-- \/wp:list --><!-- wp:heading {\"level\":4} -->\n<h4 class=\"wp-block-heading\">Contact<\/h4>\n<!-- \/wp:heading --><!-- wp:paragraph -->\n<p>Si tienes alguna pregunta sobre nuestra pol\u00edtica de cookies, no dudes en contactarnos a trav\u00e9s de:<\/p>\n<!-- \/wp:paragraph --><!-- wp:list -->\n<ul><!-- wp:list-item -->\n<li><strong>Correo electr\u00f3nico<\/strong>: <a href=\"mailto:info@sibarisclub.com\">info@sibarisclub.com<\/a><\/li>\n<!-- \/wp:list-item --><!-- wp:list-item -->\n<li><strong>Address<\/strong>: Pg. del Saladar, 103 Edificio Rosaleda 03700 D\u00e9nia, Alicante<\/li>\n<!-- \/wp:list-item --><\/ul>\n<!-- \/wp:list -->\t\t\t\t\t\t<\/div>\n\t\t\t\t<\/div>\n\t\t\t\t\t<\/div>\n\t\t<\/div>\n\t\t\t\t\t<\/div>\n\t\t<\/section>\n\t\t\t\t<\/div>","protected":false},"excerpt":{"rendered":"<p>En Sibaris Club valoramos tu privacidad y nos comprometemos a proteger tus datos personales. Esta pol\u00edtica de cookies explica qu\u00e9 son las cookies, c\u00f3mo las utilizamos, los tipos de cookies&hellip;<\/p>","protected":false},"author":1,"featured_media":0,"parent":0,"menu_order":0,"comment_status":"closed","ping_status":"closed","template":"","meta":{"footnotes":""},"_links":{"self":[{"href":"https:\/\/sibarisclub.com\/en\/wp-json\/wp\/v2\/pages\/20766"}],"collection":[{"href":"https:\/\/sibarisclub.com\/en\/wp-json\/wp\/v2\/pages"}],"about":[{"href":"https:\/\/sibarisclub.com\/en\/wp-json\/wp\/v2\/types\/page"}],"author":[{"embeddable":true,"href":"https:\/\/sibarisclub.com\/en\/wp-json\/wp\/v2\/users\/1"}],"replies":[{"embeddable":true,"href":"https:\/\/sibarisclub.com\/en\/wp-json\/wp\/v2\/comments?post=20766"}],"version-history":[{"count":7,"href":"https:\/\/sibarisclub.com\/en\/wp-json\/wp\/v2\/pages\/20766\/revisions"}],"predecessor-version":[{"id":21149,"href":"https:\/\/sibarisclub.com\/en\/wp-json\/wp\/v2\/pages\/20766\/revisions\/21149"}],"wp:attachment":[{"href":"https:\/\/sibarisclub.com\/en\/wp-json\/wp\/v2\/media?parent=20766"}],"curies":[{"name":"wp","href":"https:\/\/api.w.org\/{rel}","templated":true}]}}